{"id":668,"date":"2023-12-04T15:02:48","date_gmt":"2023-12-04T13:02:48","guid":{"rendered":"https:\/\/togetherhealthy.org\/?page_id=668"},"modified":"2025-12-21T16:20:31","modified_gmt":"2025-12-21T14:20:31","slug":"partnerstudios","status":"publish","type":"page","link":"https:\/\/togetherhealthy.org\/en\/partnerstudios\/","title":{"rendered":"Affiliate Gyms"},"content":{"rendered":"\t\t<div data-elementor-type=\"wp-page\" data-elementor-id=\"668\" class=\"elementor elementor-668\">\n\t\t\t\t<div class=\"elementor-element elementor-element-8f8446c e-flex e-con-boxed e-con e-parent\" data-id=\"8f8446c\" data-element_type=\"container\" data-e-type=\"container\" data-settings=\"{&quot;background_background&quot;:&quot;classic&quot;}\">\n\t\t\t\t\t<div class=\"e-con-inner\">\n\t\t\t\t\t<\/div>\n\t\t\t\t<\/div>\n\t\t<div class=\"elementor-element elementor-element-f7beebb e-flex e-con-boxed e-con e-parent\" data-id=\"f7beebb\" data-element_type=\"container\" data-e-type=\"container\" data-settings=\"{&quot;background_background&quot;:&quot;classic&quot;}\">\n\t\t\t\t\t<div class=\"e-con-inner\">\n\t\t\t\t<div class=\"elementor-element elementor-element-8767ac0 elementor-widget elementor-widget-heading\" data-id=\"8767ac0\" data-element_type=\"widget\" data-e-type=\"widget\" data-widget_type=\"heading.default\">\n\t\t\t\t<div class=\"elementor-widget-container\">\n\t\t\t\t\t<h2 class=\"elementor-heading-title elementor-size-large\">Herzlich willkommen in unserer Together Healthy Community.<\/h2>\t\t\t\t<\/div>\n\t\t\t\t<\/div>\n\t\t\t\t<div class=\"elementor-element elementor-element-44fe6ec elementor-widget__width-inherit elementor-widget elementor-widget-text-editor\" data-id=\"44fe6ec\" data-element_type=\"widget\" data-e-type=\"widget\" data-widget_type=\"text-editor.default\">\n\t\t\t\t<div class=\"elementor-widget-container\">\n\t\t\t\t\t\t\t\t\t<p style=\"font-weight: 400;\">Hast du Lust auf ein frischeres, ges\u00fcnderes Leben? \ud83c\udf1f Bei Together Healthy geht es nicht nur darum, gut auszusehen, sondern sich auch gro\u00dfartig zu f\u00fchlen! Aber bevor wir durchstarten, haben wir eine kleine Bitte. Sei doch so lieb und f\u00fclle unser Kontaktformular im Vorfeld aus. Keine Sorge, dauert nicht lange! So k\u00f6nnen wir schon mal ein paar Eckdaten \u00fcber dich sammeln und dich besser kennenlernen \ud83d\ude4c.<\/p><p style=\"font-weight: 400;\">Nachdem wir deine Infos haben, finden wir gemeinsam einen passenden Termin f\u00fcr unseren ersten Videoanruf. Ja, richtig geh\u00f6rt \u2013 bequem von Zuhause aus, in deinem Lieblings-Pyjama, wenn du m\u00f6chtest! \ud83d\ude04 Unser erstes Gespr\u00e4ch wird ca. 45 Minuten dauern \u2013 und kostet dich nur deine Zeit. In diesem Call schauen wir dann zusammen, wie wir dich bei deinen Zielen am besten unterst\u00fctzen k\u00f6nnen.<\/p><p style=\"font-weight: 400;\">Warum machen wir das Ganze auf diese Weise? Ganz einfach: Bei Together Healthy steht die individuelle Beratung im Vordergrund. Wir wollen sicherstellen, dass unsere Vorschl\u00e4ge genau auf dich und deine Bed\u00fcrfnisse zugeschnitten sind. \ud83c\udf3f Ob es um Ern\u00e4hrungspl\u00e4ne, Fitnessherausforderungen oder mehr Balance im Alltag geht \u2013 wir haben die richtigen Programme, um deine Ziele zu erreichen. Und das Beste: Wir starten mit einem lockeren Kennenlerngespr\u00e4ch, wo wir uns erstmal gegenseitig beschnuppern k\u00f6nnen. \ud83d\ude0a<\/p><p style=\"font-weight: 400;\">Du hast vielleicht schon so viele Versprechen geh\u00f6rt, aber was Together Healthy besonders macht, ist unser tiefes Engagement f\u00fcr deine pers\u00f6nliche Entwicklung. Bevor wir in die Details deiner individuellen Pl\u00e4ne eintauchen, wollen wir uns die Zeit nehmen, dich wirklich kennenzulernen. Vertrauen ist die Basis f\u00fcr jede erfolgreiche Partnerschaft, oder? Genau deshalb investieren wir in diesen ersten Anruf. Es ist unsere Art zu sagen: \u201eHey, wir sind hier, um wirklich zu helfen!\u201c<\/p><p style=\"font-weight: 400;\">Also, wenn du bereit bist, den ersten Schritt in Richtung eines ges\u00fcnderen und gl\u00fccklicheren Lebens zu machen, dann f\u00fclle unser Kontaktformular aus und lass uns einen Termin f\u00fcr unseren Videoanruf finden. Du gibst uns 45 Minuten deiner Zeit, und wir geben dir die Chance auf eine transformative Reise zu mehr Wohlbefinden und Freude. \u2728<\/p><p style=\"font-weight: 400;\">Wir freuen uns auf dich!<\/p><p style=\"font-weight: 400;\">Bleib gesund und motiviert,<br \/>Dein Together Healthy Team \ud83d\udcaa<\/p>\t\t\t\t\t\t\t\t<\/div>\n\t\t\t\t<\/div>\n\t\t\t\t\t<\/div>\n\t\t\t\t<\/div>\n\t\t<div class=\"elementor-element elementor-element-7f3e08d2 e-flex e-con-boxed e-con e-child\" data-id=\"7f3e08d2\" data-element_type=\"container\" data-e-type=\"container\" data-settings=\"{&quot;background_background&quot;:&quot;classic&quot;}\">\n\t\t\t\t\t<div class=\"e-con-inner\">\n\t\t<div class=\"elementor-element elementor-element-40d8b1c8 e-grid e-con-boxed e-con e-child\" data-id=\"40d8b1c8\" data-element_type=\"container\" data-e-type=\"container\">\n\t\t\t\t\t<div class=\"e-con-inner\">\n\t\t<div class=\"elementor-element elementor-element-1cbd14e3 e-flex e-con-boxed e-con e-child\" data-id=\"1cbd14e3\" data-element_type=\"container\" data-e-type=\"container\">\n\t\t\t\t\t<div class=\"e-con-inner\">\n\t\t\t\t<div class=\"elementor-element elementor-element-1be427f2 elementor-view-stacked elementor-shape-circle elementor-widget elementor-widget-icon\" data-id=\"1be427f2\" data-element_type=\"widget\" data-e-type=\"widget\" data-widget_type=\"icon.default\">\n\t\t\t\t<div class=\"elementor-widget-container\">\n\t\t\t\t\t\t\t<div class=\"elementor-icon-wrapper\">\n\t\t\t<div class=\"elementor-icon\">\n\t\t\t<i aria-hidden=\"true\" class=\"fas fa-question\"><\/i>\t\t\t<\/div>\n\t\t<\/div>\n\t\t\t\t\t\t<\/div>\n\t\t\t\t<\/div>\n\t\t\t\t<div class=\"elementor-element elementor-element-405bc3b3 elementor-widget elementor-widget-heading\" data-id=\"405bc3b3\" data-element_type=\"widget\" data-e-type=\"widget\" data-widget_type=\"heading.default\">\n\t\t\t\t<div class=\"elementor-widget-container\">\n\t\t\t\t\t<h2 class=\"elementor-heading-title elementor-size-default\">Was sind Deine Ziele?<\/h2>\t\t\t\t<\/div>\n\t\t\t\t<\/div>\n\t\t\t\t<div class=\"elementor-element elementor-element-1a0b9710 elementor-widget elementor-widget-text-editor\" data-id=\"1a0b9710\" data-element_type=\"widget\" data-e-type=\"widget\" data-widget_type=\"text-editor.default\">\n\t\t\t\t<div class=\"elementor-widget-container\">\n\t\t\t\t\t\t\t\t\t<p>Deine Ziele sind einzigartig. Egal, ob du abnehmen, zunehmen oder einfach ges\u00fcnder leben willst \u2013 die richtige Ern\u00e4hrung ist der Schl\u00fcssel. Lass uns gemeinsam deinen Alltag optimieren! <span lang=\"EN-US\">\ud83c\udf1f<\/span><\/p>\t\t\t\t\t\t\t\t<\/div>\n\t\t\t\t<\/div>\n\t\t\t\t\t<\/div>\n\t\t\t\t<\/div>\n\t\t<div class=\"elementor-element elementor-element-5cb3b908 e-flex e-con-boxed e-con e-child\" data-id=\"5cb3b908\" data-element_type=\"container\" data-e-type=\"container\">\n\t\t\t\t\t<div class=\"e-con-inner\">\n\t\t\t\t<div class=\"elementor-element elementor-element-5afaa675 elementor-view-stacked elementor-shape-circle elementor-widget elementor-widget-icon\" data-id=\"5afaa675\" data-element_type=\"widget\" data-e-type=\"widget\" data-widget_type=\"icon.default\">\n\t\t\t\t<div class=\"elementor-widget-container\">\n\t\t\t\t\t\t\t<div class=\"elementor-icon-wrapper\">\n\t\t\t<div class=\"elementor-icon\">\n\t\t\t<i aria-hidden=\"true\" class=\"fas fa-running\"><\/i>\t\t\t<\/div>\n\t\t<\/div>\n\t\t\t\t\t\t<\/div>\n\t\t\t\t<\/div>\n\t\t\t\t<div class=\"elementor-element elementor-element-2132d4c0 elementor-widget elementor-widget-heading\" data-id=\"2132d4c0\" data-element_type=\"widget\" data-e-type=\"widget\" data-widget_type=\"heading.default\">\n\t\t\t\t<div class=\"elementor-widget-container\">\n\t\t\t\t\t<h2 class=\"elementor-heading-title elementor-size-default\">Wie funktioniert das alles?<\/h2>\t\t\t\t<\/div>\n\t\t\t\t<\/div>\n\t\t\t\t<div class=\"elementor-element elementor-element-5999cad4 elementor-widget elementor-widget-text-editor\" data-id=\"5999cad4\" data-element_type=\"widget\" data-e-type=\"widget\" data-widget_type=\"text-editor.default\">\n\t\t\t\t<div class=\"elementor-widget-container\">\n\t\t\t\t\t\t\t\t\t<p style=\"font-weight: 400;\">Dein erstes Gespr\u00e4ch dreht sich NUR um Dich! Wir erstellen gemeinsam Deine individuelle L\u00f6sung. Ab dann sind wir immer an Deiner Seite! \ud83d\udcde<\/p>\t\t\t\t\t\t\t\t<\/div>\n\t\t\t\t<\/div>\n\t\t\t\t\t<\/div>\n\t\t\t\t<\/div>\n\t\t<div class=\"elementor-element elementor-element-4ba36c8b e-flex e-con-boxed e-con e-child\" data-id=\"4ba36c8b\" data-element_type=\"container\" data-e-type=\"container\">\n\t\t\t\t\t<div class=\"e-con-inner\">\n\t\t\t\t<div class=\"elementor-element elementor-element-65a80028 elementor-view-stacked elementor-shape-circle elementor-widget elementor-widget-icon\" data-id=\"65a80028\" data-element_type=\"widget\" data-e-type=\"widget\" data-widget_type=\"icon.default\">\n\t\t\t\t<div class=\"elementor-widget-container\">\n\t\t\t\t\t\t\t<div class=\"elementor-icon-wrapper\">\n\t\t\t<div class=\"elementor-icon\">\n\t\t\t<i aria-hidden=\"true\" class=\"far fa-grin-stars\"><\/i>\t\t\t<\/div>\n\t\t<\/div>\n\t\t\t\t\t\t<\/div>\n\t\t\t\t<\/div>\n\t\t\t\t<div class=\"elementor-element elementor-element-4b79a0cf elementor-widget elementor-widget-heading\" data-id=\"4b79a0cf\" data-element_type=\"widget\" data-e-type=\"widget\" data-widget_type=\"heading.default\">\n\t\t\t\t<div class=\"elementor-widget-container\">\n\t\t\t\t\t<h2 class=\"elementor-heading-title elementor-size-default\">Wir sind f\u00fcr Dich da!<\/h2>\t\t\t\t<\/div>\n\t\t\t\t<\/div>\n\t\t\t\t<div class=\"elementor-element elementor-element-20068e4 elementor-widget elementor-widget-text-editor\" data-id=\"20068e4\" data-element_type=\"widget\" data-e-type=\"widget\" data-widget_type=\"text-editor.default\">\n\t\t\t\t<div class=\"elementor-widget-container\">\n\t\t\t\t\t\t\t\t\t<p>Wir sind hier, um Dich zu unterst\u00fctzen und zu motivieren! Gemeinsam meistern wir die Herausforderungen des Alltags und sorgen daf\u00fcr, dass Du Deine Ziele erreichst. Tausch Dich in unserer Community aus! \ud83d\udde3\ufe0f<\/p>\t\t\t\t\t\t\t\t<\/div>\n\t\t\t\t<\/div>\n\t\t\t\t\t<\/div>\n\t\t\t\t<\/div>\n\t\t\t\t\t<\/div>\n\t\t\t\t<\/div>\n\t\t\t\t\t<\/div>\n\t\t\t\t<\/div>\n\t\t<div class=\"elementor-element elementor-element-fdae301 e-flex e-con-boxed e-con e-parent\" data-id=\"fdae301\" data-element_type=\"container\" data-e-type=\"container\" data-settings=\"{&quot;background_background&quot;:&quot;classic&quot;}\">\n\t\t\t\t\t<div class=\"e-con-inner\">\n\t\t\t\t<div class=\"elementor-element elementor-element-d7180c5 elementor-widget elementor-widget-heading\" data-id=\"d7180c5\" data-element_type=\"widget\" data-e-type=\"widget\" data-widget_type=\"heading.default\">\n\t\t\t\t<div class=\"elementor-widget-container\">\n\t\t\t\t\t<h2 class=\"elementor-heading-title elementor-size-large\">Kontaktformular<\/h2>\t\t\t\t<\/div>\n\t\t\t\t<\/div>\n\t\t\t\t<div class=\"elementor-element elementor-element-3b5cf8d elementor-widget elementor-widget-wpforms\" data-id=\"3b5cf8d\" data-element_type=\"widget\" data-e-type=\"widget\" data-widget_type=\"wpforms.default\">\n\t\t\t\t<div class=\"elementor-widget-container\">\n\t\t\t\t\t<div class=\"wpforms-container wpforms-render-modern\" id=\"wpforms-671\"><form id=\"wpforms-form-671\" class=\"wpforms-validate wpforms-form wpforms-ajax-form\" data-formid=\"671\" method=\"post\" enctype=\"multipart\/form-data\" action=\"\/en\/wp-json\/wp\/v2\/pages\/668\" data-token=\"62c2094b2fba25a1207d22c3e8d29a18\" data-token-time=\"1777464264\"><noscript class=\"wpforms-error-noscript\">Please enable JavaScript in your browser to complete this form.<\/noscript><div id=\"wpforms-error-noscript\" style=\"display: none;\">Please enable JavaScript in your browser to complete this form.<\/div><div class=\"wpforms-field-container\"><div id=\"wpforms-671-field_1-container\" class=\"wpforms-field wpforms-field-select wpforms-field-select-style-classic\" data-field-id=\"1\"><label class=\"wpforms-field-label\" for=\"wpforms-671-field_1\">In welchem Partnerstudio trainiert du? <span class=\"wpforms-required-label\" aria-hidden=\"true\">*<\/span><\/label><select id=\"wpforms-671-field_1\" class=\"wpforms-field-medium wpforms-field-required\" name=\"wpforms[fields][1]\" required=\"required\"><option value=\"EASYFITNESS Hannover-S\u00fcdstadt\"  class=\"choice-1 depth-1\"  >EASYFITNESS Hannover-S\u00fcdstadt<\/option><option value=\"Sportpark Lippe\"  class=\"choice-4 depth-1\"  >Sportpark Lippe<\/option><option value=\"Galaxy Fitness Stendal\"  class=\"choice-8 depth-1\"  >Galaxy Fitness Stendal<\/option><\/select><\/div><div id=\"wpforms-671-field_2-container\" class=\"wpforms-field wpforms-field-name\" data-field-id=\"2\"><label class=\"wpforms-field-label\" for=\"wpforms-671-field_2\">Name <span class=\"wpforms-required-label\" aria-hidden=\"true\">*<\/span><\/label><input type=\"text\" id=\"wpforms-671-field_2\" class=\"wpforms-field-medium wpforms-field-required\" name=\"wpforms[fields][2]\" aria-errormessage=\"wpforms-671-field_2-error\" required><\/div><div id=\"wpforms-671-field_17-container\" class=\"wpforms-field wpforms-field-text\" data-field-id=\"17\"><label class=\"wpforms-field-label\" for=\"wpforms-671-field_17\">Alter<\/label><input type=\"text\" id=\"wpforms-671-field_17\" class=\"wpforms-field-medium wpforms-masked-input\" data-rule-inputmask-incomplete=\"1\" data-inputmask-mask=\"[9{3}]\" name=\"wpforms[fields][17]\" aria-errormessage=\"wpforms-671-field_17-error\" ><\/div><div id=\"wpforms-671-field_4-container\" class=\"wpforms-field wpforms-field-email\" data-field-id=\"4\"><label class=\"wpforms-field-label\" for=\"wpforms-671-field_4\">E-Mail-Adresse <span class=\"wpforms-required-label\" aria-hidden=\"true\">*<\/span><\/label><input type=\"email\" id=\"wpforms-671-field_4\" class=\"wpforms-field-medium wpforms-field-required\" name=\"wpforms[fields][4]\" spellcheck=\"false\" aria-errormessage=\"wpforms-671-field_4-error\" required><\/div><div id=\"wpforms-671-field_5-container\" class=\"wpforms-field wpforms-field-text\" data-field-id=\"5\"><label class=\"wpforms-field-label\" for=\"wpforms-671-field_5\">Mobilnummer <span class=\"wpforms-required-label\" aria-hidden=\"true\">*<\/span><\/label><input type=\"text\" id=\"wpforms-671-field_5\" class=\"wpforms-field-medium wpforms-field-required\" name=\"wpforms[fields][5]\" aria-errormessage=\"wpforms-671-field_5-error\" required><\/div><div id=\"wpforms-671-field_7-container\" class=\"wpforms-field wpforms-field-text\" data-field-id=\"7\"><label class=\"wpforms-field-label\" for=\"wpforms-671-field_7\">Wie lange trainierst du schon im Fitnessstudio?<\/label><input type=\"text\" id=\"wpforms-671-field_7\" class=\"wpforms-field-medium\" name=\"wpforms[fields][7]\" aria-errormessage=\"wpforms-671-field_7-error\" ><\/div><div id=\"wpforms-671-field_11-container\" class=\"wpforms-field wpforms-field-number-slider\" data-field-id=\"11\"><label class=\"wpforms-field-label\" for=\"wpforms-671-field_11\">An wie vielen Tagen trainierst du die Woche?<\/label>\n<input\n\ttype=\"range\"\n\tid=\"wpforms-671-field_11\" class=\"wpforms-field-medium\" name=\"wpforms[fields][11]\" value=\"0\" aria-errormessage=\"wpforms-671-field_11-error\"\t\tmin=\"0\"\n\tmax=\"7\"\n\tstep=\"1\">\n\n<div class=\"wpforms-field-number-slider-hint\"\n\tdata-hint=\"Gew\u00e4hlter Wert: {value}\">\n\tGew\u00e4hlter Wert: <b>0<\/b><\/div>\n<\/div><div id=\"wpforms-671-field_9-container\" class=\"wpforms-field wpforms-field-select wpforms-field-select-style-classic\" data-field-id=\"9\"><label class=\"wpforms-field-label\" for=\"wpforms-671-field_9\">Was ist dein Ziel, das du mit einer Ern\u00e4hrungsverbesserung erreichen m\u00f6chtest?<\/label><select id=\"wpforms-671-field_9\" class=\"wpforms-field-medium\" name=\"wpforms[fields][9]\"><option value=\"Abnehmen\"  class=\"choice-1 depth-1\"  >Abnehmen<\/option><option value=\"Wohlbefinden \/ Vitalit\u00e4t \/ mehr Energie\"  class=\"choice-2 depth-1\"  >Wohlbefinden \/ Vitalit\u00e4t \/ mehr Energie<\/option><option value=\"Muskelaufbau \/ sportliche Leistung verbessern\"  class=\"choice-3 depth-1\"  >Muskelaufbau \/ sportliche Leistung verbessern<\/option><option value=\"Sonstiges\"  class=\"choice-4 depth-1\"  >Sonstiges<\/option><\/select><\/div><div id=\"wpforms-671-field_16-container\" class=\"wpforms-field wpforms-field-text\" data-field-id=\"16\"><label class=\"wpforms-field-label\" for=\"wpforms-671-field_16\">Wunschtermin<\/label><input type=\"text\" id=\"wpforms-671-field_16\" class=\"wpforms-field-small wpforms-masked-input\" data-rule-inputmask-incomplete=\"1\" data-inputmask-alias=\"datetime\" data-inputmask-inputformat=\"dd.mm.yyyy\" data-inputmask-inputmode=\"numeric\" name=\"wpforms[fields][16]\" value=\"29.04.2026\" placeholder=\"TT.MM.JJJJ\" aria-errormessage=\"wpforms-671-field_16-error\" ><\/div><div id=\"wpforms-671-field_13-container\" class=\"wpforms-field wpforms-field-select wpforms-field-select-style-classic\" data-field-id=\"13\"><label class=\"wpforms-field-label wpforms-label-hide\" for=\"wpforms-671-field_13\" aria-hidden=\"false\">Wann k\u00f6nnen wir dich am besten erreichen?<\/label><select id=\"wpforms-671-field_13\" class=\"wpforms-field-small\" name=\"wpforms[fields][13]\"><option value=\"15:00 - 18:00\"  class=\"choice-2 depth-1\"  >15:00 - 18:00<\/option><option value=\"18:00 - 22:00\"  class=\"choice-3 depth-1\"  >18:00 - 22:00<\/option><\/select><\/div><div id=\"wpforms-671-field_10-container\" class=\"wpforms-field wpforms-field-select wpforms-field-select-style-classic\" data-field-id=\"10\"><label class=\"wpforms-field-label\" for=\"wpforms-671-field_10\">Wie d\u00fcrfen wir dich kontaktieren?<\/label><select id=\"wpforms-671-field_10\" class=\"wpforms-field-medium\" name=\"wpforms[fields][10]\"><option value=\"WhatsApp\"  class=\"choice-1 depth-1\"  >WhatsApp<\/option><option value=\"E-Mail\"  class=\"choice-2 depth-1\"  >E-Mail<\/option><\/select><\/div><\/div><!-- .wpforms-field-container --><div class=\"wpforms-submit-container\" ><input type=\"hidden\" name=\"wpforms[id]\" value=\"671\"><input type=\"hidden\" name=\"page_title\" value=\"\"><input type=\"hidden\" name=\"page_url\" value=\"https:\/\/togetherhealthy.org\/en\/wp-json\/wp\/v2\/pages\/668\"><input type=\"hidden\" name=\"url_referer\" value=\"\"><button type=\"submit\" name=\"wpforms[submit]\" id=\"wpforms-submit-671\" class=\"wpforms-submit\" data-alt-text=\"Wird gesendet\u00a0\u2026\" data-submit-text=\"Absenden\" aria-live=\"assertive\" value=\"wpforms-submit\">Absenden<\/button><img decoding=\"async\" src=\"https:\/\/togetherhealthy.org\/wp-content\/plugins\/wpforms-lite\/assets\/images\/submit-spin.svg\" class=\"wpforms-submit-spinner\" style=\"display: none;\" width=\"26\" height=\"26\" alt=\"Loading\"><\/div><\/form><\/div>  <!-- .wpforms-container -->\t\t\t\t<\/div>\n\t\t\t\t<\/div>\n\t\t\t\t<div class=\"elementor-element elementor-element-d6cb879 elementor-list-item-link-inline elementor-align-center elementor-widget__width-initial elementor-fixed elementor-icon-list--layout-traditional elementor-widget elementor-widget-icon-list\" data-id=\"d6cb879\" data-element_type=\"widget\" data-e-type=\"widget\" data-settings=\"{&quot;_position&quot;:&quot;fixed&quot;}\" data-widget_type=\"icon-list.default\">\n\t\t\t\t<div class=\"elementor-widget-container\">\n\t\t\t\t\t\t\t<ul class=\"elementor-icon-list-items\">\n\t\t\t\t\t\t\t<li class=\"elementor-icon-list-item\">\n\t\t\t\t\t\t\t\t\t\t\t<a href=\"https:\/\/wa.me\/4915122339668\" target=\"_blank\" rel=\"nofollow\">\n\n\t\t\t\t\t\t\t\t\t\t\t\t<span class=\"elementor-icon-list-icon\">\n\t\t\t\t\t\t\t<i aria-hidden=\"true\" class=\"fab fa-whatsapp\"><\/i>\t\t\t\t\t\t<\/span>\n\t\t\t\t\t\t\t\t\t\t<span class=\"elementor-icon-list-text\"><\/span>\n\t\t\t\t\t\t\t\t\t\t\t<\/a>\n\t\t\t\t\t\t\t\t\t<\/li>\n\t\t\t\t\t\t\t\t<li class=\"elementor-icon-list-item\">\n\t\t\t\t\t\t\t\t\t\t\t<a href=\"https:\/\/www.facebook.com\/the.heermanns\" target=\"_blank\">\n\n\t\t\t\t\t\t\t\t\t\t\t\t<span class=\"elementor-icon-list-icon\">\n\t\t\t\t\t\t\t<i aria-hidden=\"true\" class=\"fab fa-facebook-square\"><\/i>\t\t\t\t\t\t<\/span>\n\t\t\t\t\t\t\t\t\t\t<span class=\"elementor-icon-list-text\"><\/span>\n\t\t\t\t\t\t\t\t\t\t\t<\/a>\n\t\t\t\t\t\t\t\t\t<\/li>\n\t\t\t\t\t\t\t\t<li class=\"elementor-icon-list-item\">\n\t\t\t\t\t\t\t\t\t\t\t<a href=\"https:\/\/www.instagram.com\/the.heermanns\/\" target=\"_blank\">\n\n\t\t\t\t\t\t\t\t\t\t\t\t<span class=\"elementor-icon-list-icon\">\n\t\t\t\t\t\t\t<i aria-hidden=\"true\" class=\"fab fa-instagram\"><\/i>\t\t\t\t\t\t<\/span>\n\t\t\t\t\t\t\t\t\t\t<span class=\"elementor-icon-list-text\"><\/span>\n\t\t\t\t\t\t\t\t\t\t\t<\/a>\n\t\t\t\t\t\t\t\t\t<\/li>\n\t\t\t\t\t\t<\/ul>\n\t\t\t\t\t\t<\/div>\n\t\t\t\t<\/div>\n\t\t\t\t\t<\/div>\n\t\t\t\t<\/div>\n\t\t\t\t<\/div>\n\t\t","protected":false},"excerpt":{"rendered":"<p>Herzlich willkommen in unserer Together Healthy Community. Hast du Lust auf ein frischeres, ges\u00fcnderes Leben? \ud83c\udf1f Bei Together Healthy geht es nicht nur darum, gut auszusehen, sondern sich auch gro\u00dfartig [&hellip;]<\/p>\n","protected":false},"author":1,"featured_media":0,"parent":0,"menu_order":0,"comment_status":"closed","ping_status":"closed","template":"","meta":{"ocean_post_layout":"full-screen","ocean_both_sidebars_style":"","ocean_both_sidebars_content_width":0,"ocean_both_sidebars_sidebars_width":0,"ocean_sidebar":"","ocean_second_sidebar":"","ocean_disable_margins":"enable","ocean_add_body_class":"","ocean_shortcode_before_top_bar":"","ocean_shortcode_after_top_bar":"","ocean_shortcode_before_header":"","ocean_shortcode_after_header":"","ocean_has_shortcode":"","ocean_shortcode_after_title":"","ocean_shortcode_before_footer_widgets":"","ocean_shortcode_after_footer_widgets":"","ocean_shortcode_before_footer_bottom":"","ocean_shortcode_after_footer_bottom":"","ocean_display_top_bar":"off","ocean_display_header":"off","ocean_header_style":"","ocean_center_header_left_menu":"","ocean_custom_header_template":"","ocean_custom_logo":0,"ocean_custom_retina_logo":0,"ocean_custom_logo_max_width":0,"ocean_custom_logo_tablet_max_width":0,"ocean_custom_logo_mobile_max_width":0,"ocean_custom_logo_max_height":0,"ocean_custom_logo_tablet_max_height":0,"ocean_custom_logo_mobile_max_height":0,"ocean_header_custom_menu":"5","ocean_menu_typo_font_family":"","ocean_menu_typo_font_subset":"","ocean_menu_typo_font_size":0,"ocean_menu_typo_font_size_tablet":0,"ocean_menu_typo_font_size_mobile":0,"ocean_menu_typo_font_size_unit":"px","ocean_menu_typo_font_weight":"","ocean_menu_typo_font_weight_tablet":"","ocean_menu_typo_font_weight_mobile":"","ocean_menu_typo_transform":"","ocean_menu_typo_transform_tablet":"","ocean_menu_typo_transform_mobile":"","ocean_menu_typo_line_height":0,"ocean_menu_typo_line_height_tablet":0,"ocean_menu_typo_line_height_mobile":0,"ocean_menu_typo_line_height_unit":"","ocean_menu_typo_spacing":0,"ocean_menu_typo_spacing_tablet":0,"ocean_menu_typo_spacing_mobile":0,"ocean_menu_typo_spacing_unit":"","ocean_menu_link_color":"","ocean_menu_link_color_hover":"","ocean_menu_link_color_active":"","ocean_menu_link_background":"","ocean_menu_link_hover_background":"","ocean_menu_link_active_background":"","ocean_menu_social_links_bg":"","ocean_menu_social_hover_links_bg":"","ocean_menu_social_links_color":"","ocean_menu_social_hover_links_color":"","ocean_disable_title":"on","ocean_disable_heading":"default","ocean_post_title":"","ocean_post_subheading":"","ocean_post_title_style":"","ocean_post_title_background_color":"","ocean_post_title_background":0,"ocean_post_title_bg_image_position":"","ocean_post_title_bg_image_attachment":"","ocean_post_title_bg_image_repeat":"","ocean_post_title_bg_image_size":"","ocean_post_title_height":0,"ocean_post_title_bg_overlay":0.5,"ocean_post_title_bg_overlay_color":"","ocean_disable_breadcrumbs":"default","ocean_breadcrumbs_color":"","ocean_breadcrumbs_separator_color":"","ocean_breadcrumbs_links_color":"","ocean_breadcrumbs_links_hover_color":"","ocean_display_footer_widgets":"off","ocean_display_footer_bottom":"default","ocean_custom_footer_template":"","footnotes":""},"class_list":["post-668","page","type-page","status-publish","hentry","entry"],"_links":{"self":[{"href":"https:\/\/togetherhealthy.org\/en\/wp-json\/wp\/v2\/pages\/668","targetHints":{"allow":["GET"]}}],"collection":[{"href":"https:\/\/togetherhealthy.org\/en\/wp-json\/wp\/v2\/pages"}],"about":[{"href":"https:\/\/togetherhealthy.org\/en\/wp-json\/wp\/v2\/types\/page"}],"author":[{"embeddable":true,"href":"https:\/\/togetherhealthy.org\/en\/wp-json\/wp\/v2\/users\/1"}],"replies":[{"embeddable":true,"href":"https:\/\/togetherhealthy.org\/en\/wp-json\/wp\/v2\/comments?post=668"}],"version-history":[{"count":36,"href":"https:\/\/togetherhealthy.org\/en\/wp-json\/wp\/v2\/pages\/668\/revisions"}],"predecessor-version":[{"id":1463,"href":"https:\/\/togetherhealthy.org\/en\/wp-json\/wp\/v2\/pages\/668\/revisions\/1463"}],"wp:attachment":[{"href":"https:\/\/togetherhealthy.org\/en\/wp-json\/wp\/v2\/media?parent=668"}],"curies":[{"name":"wp","href":"https:\/\/api.w.org\/{rel}","templated":true}]}}